{"id":345,"date":"2025-08-10T21:30:09","date_gmt":"2025-08-10T19:30:09","guid":{"rendered":"http:\/\/prodsgn.eu\/?page_id=345"},"modified":"2025-08-15T17:25:02","modified_gmt":"2025-08-15T15:25:02","slug":"uslugi","status":"publish","type":"page","link":"https:\/\/prodsgn.eu\/?page_id=345","title":{"rendered":"Us\u0142ugi"},"content":{"rendered":"\t\t<div data-elementor-type=\"wp-page\" data-elementor-id=\"345\" class=\"elementor elementor-345\">\n\t\t\t\t<div class=\"elementor-element elementor-element-3a4c921 e-flex e-con-boxed wpr-particle-no wpr-jarallax-no wpr-parallax-no wpr-sticky-section-no e-con e-parent\" data-id=\"3a4c921\" data-element_type=\"container\">\n\t\t\t\t\t<div class=\"e-con-inner\">\n\t\t\t\t<div class=\"elementor-element elementor-element-9d713e6 elementor-widget elementor-widget-spacer\" data-id=\"9d713e6\" data-element_type=\"widget\" data-widget_type=\"spacer.default\">\n\t\t\t\t\t\t\t<div class=\"elementor-spacer\">\n\t\t\t<div class=\"elementor-spacer-inner\"><\/div>\n\t\t<\/div>\n\t\t\t\t\t\t<\/div>\n\t\t\t\t<div class=\"elementor-element elementor-element-da53f95 elementor-widget elementor-widget-heading\" data-id=\"da53f95\" data-element_type=\"widget\" data-widget_type=\"heading.default\">\n\t\t\t\t\t<h2 class=\"elementor-heading-title elementor-size-default\">Us\u0142ugi<\/h2>\t\t\t\t<\/div>\n\t\t\t\t<div class=\"elementor-element elementor-element-4ae4c54 elementor-widget elementor-widget-spacer\" data-id=\"4ae4c54\" data-element_type=\"widget\" data-widget_type=\"spacer.default\">\n\t\t\t\t\t\t\t<div class=\"elementor-spacer\">\n\t\t\t<div class=\"elementor-spacer-inner\"><\/div>\n\t\t<\/div>\n\t\t\t\t\t\t<\/div>\n\t\t\t\t<div class=\"elementor-element elementor-element-ea4ee3a elementor-widget elementor-widget-text-editor\" data-id=\"ea4ee3a\" data-element_type=\"widget\" data-widget_type=\"text-editor.default\">\n\t\t\t\t\t\t\t\t\t<p>\u00a0<strong>Formatki meblowe na wymiar<\/strong><\/p><center><center><br \/>Oferujemy sprzeda\u017c gotowych formatek meblowych \u2013 doci\u0119tych i oklejonych zgodnie z indywidualnym projektem klienta. To idealne rozwi\u0105zanie dla os\u00f3b, kt\u00f3re chc\u0105 samodzielnie wykona\u0107 meble lub zleci\u0107 ich monta\u017c stolarzowi bez potrzeby inwestowania w kosztowne maszyny.<\/center><\/center>\t\t\t\t\t\t\t\t<\/div>\n\t\t\t\t<div class=\"elementor-element elementor-element-18cee2c elementor-widget elementor-widget-spacer\" data-id=\"18cee2c\" data-element_type=\"widget\" data-widget_type=\"spacer.default\">\n\t\t\t\t\t\t\t<div class=\"elementor-spacer\">\n\t\t\t<div class=\"elementor-spacer-inner\"><\/div>\n\t\t<\/div>\n\t\t\t\t\t\t<\/div>\n\t\t\t\t<div class=\"elementor-element elementor-element-976ad73 elementor-widget elementor-widget-text-editor\" data-id=\"976ad73\" data-element_type=\"widget\" data-widget_type=\"text-editor.default\">\n\t\t\t\t\t\t\t\t\t<center><strong>Co zapewniamy:<\/strong><center><\/center><\/center><br><br>\n\u2022 Dok\u0142adne ci\u0119cie p\u0142yt meblowych zgodnie z rozpisk\u0105 (PDF, rysunek)\n<br><br>\n\n\u2022 Oklejanie obrze\u017cy (ABS, PCV) \u2013 estetyczne i trwa\u0142e wyko\u0144czenie<br><br>\n\n\u2022 R\u00f3\u017cne dekory p\u0142yt \u2013 bia\u0142e, szare, drewnopodobne i inne<br><br>\n\n\u2022 Kr\u00f3tkie terminy realizacji\n\n\u2022 Odbi\u00f3r osobisty w Wielbarku lub mo\u017cliwo\u015b\u0107 dowozu\t\t\t\t\t\t\t\t<\/div>\n\t\t\t\t<div class=\"elementor-element elementor-element-1d34d0c elementor-widget elementor-widget-spacer\" data-id=\"1d34d0c\" data-element_type=\"widget\" data-widget_type=\"spacer.default\">\n\t\t\t\t\t\t\t<div class=\"elementor-spacer\">\n\t\t\t<div class=\"elementor-spacer-inner\"><\/div>\n\t\t<\/div>\n\t\t\t\t\t\t<\/div>\n\t\t\t\t<div class=\"elementor-element elementor-element-59293f1 elementor-widget elementor-widget-text-editor\" data-id=\"59293f1\" data-element_type=\"widget\" data-widget_type=\"text-editor.default\">\n\t\t\t\t\t\t\t\t\t<center><strong>Jak to dzia\u0142a?<\/strong><center><\/center><\/center><br><br>\n1. Przekazujesz nam rozpisk\u0119 formatek (wg. naszej instrukcji lub r\u0119cznie sporz\u0105dzon\u0105 zgodnie ze sztuk\u0105).<br><br>\n\n2. Wyceniamy zam\u00f3wienie i potwierdzamy przybli\u017conytermin realizacji. (Zazwyczaj 2 tygodnie)<br><br>\n\n3. Odbierasz gotowe elementy przygotowane do dalszego monta\u017cu.\nDzi\u0119ki wsp\u00f3\u0142pracy z zaufanymi wykonawcami zapewniamy wysok\u0105 jako\u015b\u0107 ci\u0119cia, dok\u0142adno\u015b\u0107 i estetyczne oklejenie. Niezale\u017cnie od tego, czy tworzysz szafk\u0119, garderob\u0119 czy kuchni\u0119 \u2013 przygotujemy dla Ciebie gotowe formatki na wymiar.\t\t\t\t\t\t\t\t<\/div>\n\t\t\t\t<div class=\"elementor-element elementor-element-3be2843 elementor-widget-divider--view-line elementor-widget elementor-widget-divider\" data-id=\"3be2843\" data-element_type=\"widget\" data-widget_type=\"divider.default\">\n\t\t\t\t\t\t\t<div class=\"elementor-divider\">\n\t\t\t<span class=\"elementor-divider-separator\">\n\t\t\t\t\t\t<\/span>\n\t\t<\/div>\n\t\t\t\t\t\t<\/div>\n\t\t\t\t<div class=\"elementor-element elementor-element-19c6ad2 elementor-widget elementor-widget-text-editor\" data-id=\"19c6ad2\" data-element_type=\"widget\" data-widget_type=\"text-editor.default\">\n\t\t\t\t\t\t\t\t\t<p>\ud83d\udccd Dzia\u0142amy lokalnie w <strong>Wielbarku<\/strong> (woj. warmi\u0144sko-mazurskie) \u2013 obs\u0142ugujemy r\u00f3wnie\u017c klient\u00f3w z okolic.<br \/>\ud83d\udcde Skontaktuj si\u0119 z nami, aby uzyska\u0107 wycen\u0119 lub wi\u0119cej informacji.<\/p>\t\t\t\t\t\t\t\t<\/div>\n\t\t\t\t<div class=\"elementor-element elementor-element-3ab1eb6 elementor-widget elementor-widget-spacer\" data-id=\"3ab1eb6\" data-element_type=\"widget\" data-widget_type=\"spacer.default\">\n\t\t\t\t\t\t\t<div class=\"elementor-spacer\">\n\t\t\t<div class=\"elementor-spacer-inner\"><\/div>\n\t\t<\/div>\n\t\t\t\t\t\t<\/div>\n\t\t\t\t\t<\/div>\n\t\t\t\t<\/div>\n\t\t<div class=\"elementor-element elementor-element-ec03a89 e-flex e-con-boxed wpr-particle-no wpr-jarallax-no wpr-parallax-no wpr-sticky-section-no e-con e-parent\" data-id=\"ec03a89\" data-element_type=\"container\">\n\t\t\t\t\t<div class=\"e-con-inner\">\n\t\t<div class=\"elementor-element elementor-element-fd17d22 e-con-full e-flex wpr-particle-no wpr-jarallax-no wpr-parallax-no wpr-sticky-section-no e-con e-child\" data-id=\"fd17d22\" data-element_type=\"container\">\n\t\t\t\t<div class=\"elementor-element elementor-element-1127297 elementor-widget elementor-widget-heading\" data-id=\"1127297\" data-element_type=\"widget\" data-widget_type=\"heading.default\">\n\t\t\t\t\t<h2 class=\"elementor-heading-title elementor-size-default\">Plik z rozpisem zam\u00f3wienia do pobrania<\/h2>\t\t\t\t<\/div>\n\t\t\t\t<\/div>\n\t\t<div class=\"elementor-element elementor-element-302355a e-con-full e-flex wpr-particle-no wpr-jarallax-no wpr-parallax-no wpr-sticky-section-no e-con e-child\" data-id=\"302355a\" data-element_type=\"container\">\n\t\t\t\t<div class=\"elementor-element elementor-element-269da6d elementor-widget elementor-widget-button\" data-id=\"269da6d\" data-element_type=\"widget\" data-widget_type=\"button.default\">\n\t\t\t\t\t\t\t\t\t\t<a class=\"elementor-button elementor-button-link elementor-size-sm\" href=\"http:\/\/prodsgn.eu\/wp-content\/uploads\/2025\/08\/Rozpis-zamowienie.xlsx\">\n\t\t\t\t\t\t<span class=\"elementor-button-content-wrapper\">\n\t\t\t\t\t\t\t\t\t<span class=\"elementor-button-text\">Pobierz<\/span>\n\t\t\t\t\t<\/span>\n\t\t\t\t\t<\/a>\n\t\t\t\t\t\t\t\t<\/div>\n\t\t\t\t<\/div>\n\t\t\t\t<div class=\"elementor-element elementor-element-9ecd7d6 elementor-widget elementor-widget-spacer\" data-id=\"9ecd7d6\" data-element_type=\"widget\" data-widget_type=\"spacer.default\">\n\t\t\t\t\t\t\t<div class=\"elementor-spacer\">\n\t\t\t<div class=\"elementor-spacer-inner\"><\/div>\n\t\t<\/div>\n\t\t\t\t\t\t<\/div>\n\t\t\t\t\t<\/div>\n\t\t\t\t<\/div>\n\t\t\t\t<\/div>\n\t\t","protected":false},"excerpt":{"rendered":"<p>Us\u0142ugi \u00a0Formatki meblowe na wymiar Oferujemy sprzeda\u017c gotowych formatek meblowych \u2013 doci\u0119tych i oklejonych zgodnie z indywidualnym projektem klienta. To idealne rozwi\u0105zanie dla os\u00f3b, kt\u00f3re chc\u0105 samodzielnie wykona\u0107 meble lub zleci\u0107 ich monta\u017c stolarzowi bez potrzeby inwestowania w kosztowne maszyny. Co zapewniamy: \u2022 Dok\u0142adne ci\u0119cie p\u0142yt meblowych zgodnie z rozpisk\u0105 (PDF, rysunek) \u2022 Oklejanie obrze\u017cy (ABS, PCV) \u2013 estetyczne i trwa\u0142e wyko\u0144czenie \u2022 R\u00f3\u017cne dekory p\u0142yt \u2013 bia\u0142e, szare, drewnopodobne i inne \u2022 Kr\u00f3tkie terminy realizacji \u2022 Odbi\u00f3r osobisty w Wielbarku lub mo\u017cliwo\u015b\u0107 dowozu Jak to dzia\u0142a? 1. Przekazujesz nam rozpisk\u0119 formatek (wg. naszej instrukcji lub r\u0119cznie sporz\u0105dzon\u0105 zgodnie ze sztuk\u0105). 2. Wyceniamy zam\u00f3wienie i potwierdzamy przybli\u017conytermin realizacji. (Zazwyczaj 2 tygodnie) 3. Odbierasz gotowe elementy przygotowane do dalszego monta\u017cu. Dzi\u0119ki wsp\u00f3\u0142pracy z zaufanymi wykonawcami zapewniamy wysok\u0105 jako\u015b\u0107 ci\u0119cia, dok\u0142adno\u015b\u0107 i estetyczne oklejenie. Niezale\u017cnie od tego, czy tworzysz szafk\u0119, garderob\u0119 czy kuchni\u0119 \u2013 przygotujemy dla Ciebie gotowe formatki na wymiar. \ud83d\udccd Dzia\u0142amy lokalnie w Wielbarku (woj. warmi\u0144sko-mazurskie) \u2013 obs\u0142ugujemy r\u00f3wnie\u017c klient\u00f3w z okolic.\ud83d\udcde Skontaktuj si\u0119 z nami, aby uzyska\u0107 wycen\u0119 lub wi\u0119cej informacji. Plik z rozpisem zam\u00f3wienia do pobrania Pobierz<\/p>\n","protected":false},"author":1,"featured_media":0,"parent":0,"menu_order":0,"comment_status":"closed","ping_status":"closed","template":"","meta":{"site-sidebar-layout":"no-sidebar","site-content-layout":"page-builder","ast-site-content-layout":"full-width-container","site-content-style":"default","site-sidebar-style":"default","ast-global-header-display":"","ast-banner-title-visibility":"","ast-main-header-display":"","ast-hfb-above-header-display":"","ast-hfb-below-header-display":"","ast-hfb-mobile-header-display":"","site-post-title":"disabled","ast-breadcrumbs-content":"","ast-featured-img":"disabled","footer-sml-layout":"","theme-transparent-header-meta":"","adv-header-id-meta":"","stick-header-meta":"","header-above-stick-meta":"","header-main-stick-meta":"","header-below-stick-meta":"","astra-migrate-meta-layouts":"set","ast-page-background-enabled":"default","ast-page-background-meta":{"desktop":{"background-color":"var(--ast-global-color-4)","background-image":"","background-repeat":"repeat","background-position":"center center","background-size":"auto","background-attachment":"scroll","background-type":"","background-media":"","overlay-type":"","overlay-color":"","overlay-opacity":"","overlay-gradient":""},"tablet":{"background-color":"","background-image":"","background-repeat":"repeat","background-position":"center center","background-size":"auto","background-attachment":"scroll","background-type":"","background-media":"","overlay-type":"","overlay-color":"","overlay-opacity":"","overlay-gradient":""},"mobile":{"background-color":"","background-image":"","background-repeat":"repeat","background-position":"center center","background-size":"auto","background-attachment":"scroll","background-type":"","background-media":"","overlay-type":"","overlay-color":"","overlay-opacity":"","overlay-gradient":""}},"ast-content-background-meta":{"desktop":{"background-color":"var(--ast-global-color-5)","background-image":"","background-repeat":"repeat","background-position":"center center","background-size":"auto","background-attachment":"scroll","background-type":"","background-media":"","overlay-type":"","overlay-color":"","overlay-opacity":"","overlay-gradient":""},"tablet":{"background-color":"var(--ast-global-color-5)","background-image":"","background-repeat":"repeat","background-position":"center center","background-size":"auto","background-attachment":"scroll","background-type":"","background-media":"","overlay-type":"","overlay-color":"","overlay-opacity":"","overlay-gradient":""},"mobile":{"background-color":"var(--ast-global-color-5)","background-image":"","background-repeat":"repeat","background-position":"center center","background-size":"auto","background-attachment":"scroll","background-type":"","background-media":"","overlay-type":"","overlay-color":"","overlay-opacity":"","overlay-gradient":""}},"footnotes":""},"class_list":["post-345","page","type-page","status-publish","hentry"],"_links":{"self":[{"href":"https:\/\/prodsgn.eu\/index.php?rest_route=\/wp\/v2\/pages\/345","targetHints":{"allow":["GET"]}}],"collection":[{"href":"https:\/\/prodsgn.eu\/index.php?rest_route=\/wp\/v2\/pages"}],"about":[{"href":"https:\/\/prodsgn.eu\/index.php?rest_route=\/wp\/v2\/types\/page"}],"author":[{"embeddable":true,"href":"https:\/\/prodsgn.eu\/index.php?rest_route=\/wp\/v2\/users\/1"}],"replies":[{"embeddable":true,"href":"https:\/\/prodsgn.eu\/index.php?rest_route=%2Fwp%2Fv2%2Fcomments&post=345"}],"version-history":[{"count":30,"href":"https:\/\/prodsgn.eu\/index.php?rest_route=\/wp\/v2\/pages\/345\/revisions"}],"predecessor-version":[{"id":402,"href":"https:\/\/prodsgn.eu\/index.php?rest_route=\/wp\/v2\/pages\/345\/revisions\/402"}],"wp:attachment":[{"href":"https:\/\/prodsgn.eu\/index.php?rest_route=%2Fwp%2Fv2%2Fmedia&parent=345"}],"curies":[{"name":"wp","href":"https:\/\/api.w.org\/{rel}","templated":true}]}}